{"id":1137,"date":"2022-11-22T14:45:49","date_gmt":"2022-11-22T12:45:49","guid":{"rendered":"http:\/\/mkstein.de\/wp\/?page_id=1137"},"modified":"2024-10-17T17:57:09","modified_gmt":"2024-10-17T15:57:09","slug":"start","status":"publish","type":"page","link":"http:\/\/mkstein.de\/wp\/","title":{"rendered":"Start"},"content":{"rendered":"\n<p>Nat\u00fcrlich gibt es Drachen.<\/p>\n\n\n\n<p>Und damit herzlich willkommen auf meiner Seite. Vor l\u00e4ngerer Zeit fing sie mal als Blog an, bis ich mir eingestehen musste, dass ich neben dem B\u00fccherschreiben nicht auch noch die Energie\/Zeit zum Schreiben regelm\u00e4\u00dfiger Blogbeitr\u00e4ge finden w\u00fcrde. Jetzt gibt es hier also Infos \u00fcber meine <a rel=\"noreferrer noopener\" href=\"http:\/\/mkstein.de\/wp\/?page_id=10\" target=\"_blank\">B\u00fccher<\/a>, <a rel=\"noreferrer noopener\" href=\"http:\/\/mkstein.de\/wp\/?page_id=18\" target=\"_blank\">Lesungen<\/a> und die Geschichten des <a rel=\"noreferrer noopener\" href=\"http:\/\/mkstein.de\/wp\/?page_id=853\" target=\"_blank\">phantastischen Montag<\/a> (Kurzgeschichten-Projekt mit Kolleg*innen). Alle aktuellen Beitr\u00e4ge finden sich unter <a rel=\"noreferrer noopener\" href=\"http:\/\/mkstein.de\/wp\/?page_id=1144\" target=\"_blank\">Post f\u00fcr Dich<\/a>.<\/p>\n\n\n\n<p>Ich schreibe hauptberuflich Kinder- und Jugendb\u00fccher, am liebsten solche, die in der Fantasy angesiedelt sind (siehe auch erster Satz) und lesbische, schwule und\/oder andere queere\/diverse Figuren (mit)erz\u00e4hlen, ihnen einen selbstverst\u00e4ndlichen Platz in der Welt geben.<\/p>\n\n\n\n<p>Manchmal \u00fcbersetze ich auch B\u00fccher aus dem Englischen ins Deutsche und schreibe (als Auftragsarbeit) B\u00fccher zu TV-Serien (oft doppelte \u00dcbersetzungsarbeit, da die Serien auf Englisch vorliegen, da hei\u00dft es dann \u00fcbersetzen aus dem Englischen und dem Filmischen, damit ein guter Roman draus wird).<\/p>\n\n\n\n<p>Ein guter Vorsatz in die Tat umgesetzt: Hier geht es zum <a rel=\"noreferrer noopener\" href=\"http:\/\/mkstein.de\/wp\/?page_id=1205\" target=\"_blank\">Newsletter-Abo<\/a>. <br>Und wer mag, kann mir einen Kaffee spendieren (der belebt beim Schreiben) und zwar <a rel=\"noreferrer noopener\" href=\"https:\/\/ko-fi.com\/steinstory\" target=\"_blank\">hier<\/a>. Danke!<\/p>\n\n\n\n<p>Viel Spa\u00df beim Herumst\u00f6bern und Lesen!<br>Maike Stein<\/p>\n\n\n<div class=\"wp-block-image\">\n<figure class=\"alignleft size-large\"><a href=\"http:\/\/mkstein.de\/wp\/wp-content\/uploads\/2024\/04\/MaikeSteinPortrait-01-3.jpg\"><img decoding=\"async\" loading=\"lazy\" width=\"1024\" height=\"769\" src=\"http:\/\/mkstein.de\/wp\/wp-content\/uploads\/2024\/04\/MaikeSteinPortrait-01-3-1024x769.jpg\" alt=\"\" class=\"wp-image-1401\" srcset=\"http:\/\/mkstein.de\/wp\/wp-content\/uploads\/2024\/04\/MaikeSteinPortrait-01-3-1024x769.jpg 1024w, http:\/\/mkstein.de\/wp\/wp-content\/uploads\/2024\/04\/MaikeSteinPortrait-01-3-300x225.jpg 300w, http:\/\/mkstein.de\/wp\/wp-content\/uploads\/2024\/04\/MaikeSteinPortrait-01-3-768x577.jpg 768w, http:\/\/mkstein.de\/wp\/wp-content\/uploads\/2024\/04\/MaikeSteinPortrait-01-3-1536x1154.jpg 1536w, http:\/\/mkstein.de\/wp\/wp-content\/uploads\/2024\/04\/MaikeSteinPortrait-01-3.jpg 1576w\" sizes=\"(max-width: 1024px) 100vw, 1024px\" \/><\/a><figcaption class=\"wp-element-caption\">\u00a9Tina Kovalsky\/Theater Morgenstern<\/figcaption><\/figure><\/div>","protected":false},"excerpt":{"rendered":"<p>Nat\u00fcrlich gibt es Drachen. Und damit herzlich willkommen auf meiner Seite. Vor l\u00e4ngerer Zeit fing sie mal als Blog an, bis ich mir eingestehen musste, dass ich neben dem B\u00fccherschreiben nicht auch noch die Energie\/Zeit zum Schreiben regelm\u00e4\u00dfiger Blogbeitr\u00e4ge finden w\u00fcrde. Jetzt gibt es hier also Infos \u00fcber meine B\u00fccher, Lesungen und die Geschichten des &hellip; <\/p>\n<p class=\"link-more\"><a href=\"http:\/\/mkstein.de\/wp\/\" class=\"more-link\">Mehr <span class=\"screen-reader-text\">\u00fcber &#8222;Start&#8220; <\/span>Lesen<\/a><\/p>\n","protected":false},"author":2,"featured_media":0,"parent":0,"menu_order":0,"comment_status":"closed","ping_status":"closed","template":"","meta":[],"_links":{"self":[{"href":"http:\/\/mkstein.de\/wp\/index.php?rest_route=\/wp\/v2\/pages\/1137"}],"collection":[{"href":"http:\/\/mkstein.de\/wp\/index.php?rest_route=\/wp\/v2\/pages"}],"about":[{"href":"http:\/\/mkstein.de\/wp\/index.php?rest_route=\/wp\/v2\/types\/page"}],"author":[{"embeddable":true,"href":"http:\/\/mkstein.de\/wp\/index.php?rest_route=\/wp\/v2\/users\/2"}],"replies":[{"embeddable":true,"href":"http:\/\/mkstein.de\/wp\/index.php?rest_route=%2Fwp%2Fv2%2Fcomments&post=1137"}],"version-history":[{"count":9,"href":"http:\/\/mkstein.de\/wp\/index.php?rest_route=\/wp\/v2\/pages\/1137\/revisions"}],"predecessor-version":[{"id":1420,"href":"http:\/\/mkstein.de\/wp\/index.php?rest_route=\/wp\/v2\/pages\/1137\/revisions\/1420"}],"wp:attachment":[{"href":"http:\/\/mkstein.de\/wp\/index.php?rest_route=%2Fwp%2Fv2%2Fmedia&parent=1137"}],"curies":[{"name":"wp","href":"https:\/\/api.w.org\/{rel}","templated":true}]}}