{"id":1212,"date":"2023-02-26T23:34:00","date_gmt":"2023-02-26T21:34:00","guid":{"rendered":"http:\/\/mkstein.de\/wp\/?page_id=1212"},"modified":"2023-02-26T23:34:00","modified_gmt":"2023-02-26T21:34:00","slug":"stories-2022","status":"publish","type":"page","link":"http:\/\/mkstein.de\/wp\/?page_id=1212","title":{"rendered":"Stories 2022"},"content":{"rendered":"\n<p style=\"font-style:italic;font-weight:800\"><strong>#PHANTASTISCHERMONTAG<\/strong><\/p>\n\n\n\n<p>2022 haben wir uns zur Inspiration Zitate aus phantastischen Romanen und phantastischer Autor:innen ausgesucht. Und wenn ein Monat f\u00fcnf Montage hatte, kam noch eine Geschichte \u00fcber ein phantastisches Wesen dazu. Pers\u00f6nlich hatte ich mir dann zus\u00e4tzlich noch die Herausforderung gestellt, eine fortlaufende Geschichte zu erz\u00e4hlen &#8230; hier k\u00f6nnt ihr sie nachlesen:<\/p>\n\n\n\n<p>Januar: <a href=\"http:\/\/mkstein.de\/wp\/?p=977\" target=\"_blank\" rel=\"noreferrer noopener\">Unvorstellbar<\/a> <br>&#8222;Wenn du dir etwas vorstellen kannst, wird es auch passieren.&#8220; Zitat von N. K. Jemisin<\/p>\n\n\n\n<p>Januar: <a href=\"http:\/\/mkstein.de\/wp\/?p=981\" target=\"_blank\" rel=\"noreferrer noopener\">Des R\u00e4tsels L\u00f6sung<\/a><br>phantastisches Wesen: Sphinx<\/p>\n\n\n\n<p>Februar: <a rel=\"noreferrer noopener\" href=\"http:\/\/mkstein.de\/wp\/?p=993\" target=\"_blank\">Wagnis<\/a><br>&#8222;We&#8217;re all mad here.&#8220; Lewis Carroll, Alice in Wonderland<\/p>\n\n\n\n<p>M\u00e4rz: <a href=\"http:\/\/mkstein.de\/wp\/?p=1014\" target=\"_blank\" rel=\"noreferrer noopener\">Atmen und hoffen<\/a><br>&#8222;Papierkorb: das wichtigste Haustier des Schriftstellers.&#8220; Ottfried Preu\u00dfler<\/p>\n\n\n\n<p>April: <a href=\"http:\/\/mkstein.de\/wp\/?p=1024\" target=\"_blank\" rel=\"noreferrer noopener\">Die Soziet\u00e4t und andere glitzernde Verlockungen<\/a><br>&#8222;Die ganze Welt ist eine gro\u00dfe Geschichte, und wir spielen darin mit.&#8220; Michael Ende<\/p>\n\n\n\n<p>Mai: <a href=\"http:\/\/mkstein.de\/wp\/?p=1042\" target=\"_blank\" rel=\"noreferrer noopener\">Der Gesang der B\u00e4ume<\/a><br>&#8222;Time is a drug. Too much of it kills you.&#8220; Terry Pratchett<\/p>\n\n\n\n<p>Juni: <a rel=\"noreferrer noopener\" href=\"http:\/\/mkstein.de\/wp\/?p=1047\" target=\"_blank\">Wagnisse und r\u00e4tselhafte Wesen<\/a><br>&#8222;Wir sind alle L\u00fcgner, wenn es uns n\u00fctzt.&#8220; Cornelia Funke, Tintenherz<\/p>\n\n\n\n<p>Juli: <a rel=\"noreferrer noopener\" href=\"http:\/\/mkstein.de\/wp\/?p=1059\" target=\"_blank\">Zwischen den Welten<\/a><br>&#8222;Home is what you take with you, not what you leave behind.&#8220; N. K. Jemisin<\/p>\n\n\n\n<p>August: <a rel=\"noreferrer noopener\" href=\"http:\/\/mkstein.de\/wp\/?p=1071\" target=\"_blank\">Der Preis f\u00fcr Magie<\/a><br>&#8222;Eine Lernerfahrung ist eines dieser Dinge, die sagen: Du wei\u00dft, die Sache, die du gerade gemacht hast? Mach das nicht.&#8220; Douglas Adams<br>phantastische Wesen: Harpyien (da ich zu denen im August keine Story geschafft habe, kommen die Harpyien im September mit in der Story vor &#8230;)<\/p>\n\n\n\n<p>September: <a rel=\"noreferrer noopener\" href=\"http:\/\/mkstein.de\/wp\/?p=1080\" target=\"_blank\">Kind des Windes<\/a><br>&#8222;I hate being told what to do! Especially by myself!&#8220; Lynn Flewelling<\/p>\n\n\n\n<p>Oktober: <a rel=\"noreferrer noopener\" href=\"http:\/\/mkstein.de\/wp\/?p=1089\" target=\"_blank\">Worte, in den Wind gefl\u00fcstert<\/a><br>&#8222;Flieht, ihr Narren!&#8220; Tolkien, Der Herr der Ringe<\/p>\n\n\n\n<p>November: <a rel=\"noreferrer noopener\" href=\"http:\/\/mkstein.de\/wp\/?p=1120\" target=\"_blank\">Frage und Antwort<\/a><br>&#8222;Wer uns unserer Tr\u00e4ume beraubt, beraubt uns unseres Lebens.&#8220; Virginia Woolf<\/p>\n\n\n\n<p>Dezember: <a rel=\"noreferrer noopener\" href=\"http:\/\/mkstein.de\/wp\/?p=1162\" target=\"_blank\">Versprechen<\/a><br>&#8222;Books were safer than other people anyway.&#8220; Neil Gaiman, The Ocean at the End of the Lane<\/p>\n","protected":false},"excerpt":{"rendered":"<p>#PHANTASTISCHERMONTAG 2022 haben wir uns zur Inspiration Zitate aus phantastischen Romanen und phantastischer Autor:innen ausgesucht. Und wenn ein Monat f\u00fcnf Montage hatte, kam noch eine Geschichte \u00fcber ein phantastisches Wesen dazu. Pers\u00f6nlich hatte ich mir dann zus\u00e4tzlich noch die Herausforderung gestellt, eine fortlaufende Geschichte zu erz\u00e4hlen &#8230; hier k\u00f6nnt ihr sie nachlesen: Januar: Unvorstellbar &#8222;Wenn &hellip; <\/p>\n<p class=\"link-more\"><a href=\"http:\/\/mkstein.de\/wp\/?page_id=1212\" class=\"more-link\">Mehr <span class=\"screen-reader-text\">\u00fcber &#8222;Stories 2022&#8220; <\/span>Lesen<\/a><\/p>\n","protected":false},"author":2,"featured_media":0,"parent":853,"menu_order":3,"comment_status":"closed","ping_status":"closed","template":"","meta":[],"_links":{"self":[{"href":"http:\/\/mkstein.de\/wp\/index.php?rest_route=\/wp\/v2\/pages\/1212"}],"collection":[{"href":"http:\/\/mkstein.de\/wp\/index.php?rest_route=\/wp\/v2\/pages"}],"about":[{"href":"http:\/\/mkstein.de\/wp\/index.php?rest_route=\/wp\/v2\/types\/page"}],"author":[{"embeddable":true,"href":"http:\/\/mkstein.de\/wp\/index.php?rest_route=\/wp\/v2\/users\/2"}],"replies":[{"embeddable":true,"href":"http:\/\/mkstein.de\/wp\/index.php?rest_route=%2Fwp%2Fv2%2Fcomments&post=1212"}],"version-history":[{"count":2,"href":"http:\/\/mkstein.de\/wp\/index.php?rest_route=\/wp\/v2\/pages\/1212\/revisions"}],"predecessor-version":[{"id":1214,"href":"http:\/\/mkstein.de\/wp\/index.php?rest_route=\/wp\/v2\/pages\/1212\/revisions\/1214"}],"up":[{"embeddable":true,"href":"http:\/\/mkstein.de\/wp\/index.php?rest_route=\/wp\/v2\/pages\/853"}],"wp:attachment":[{"href":"http:\/\/mkstein.de\/wp\/index.php?rest_route=%2Fwp%2Fv2%2Fmedia&parent=1212"}],"curies":[{"name":"wp","href":"https:\/\/api.w.org\/{rel}","templated":true}]}}