{"id":14,"date":"2012-07-29T14:34:15","date_gmt":"2012-07-29T12:34:15","guid":{"rendered":"http:\/\/mkstein.de\/wp\/?page_id=14"},"modified":"2025-09-28T20:34:05","modified_gmt":"2025-09-28T18:34:05","slug":"autorin","status":"publish","type":"page","link":"http:\/\/mkstein.de\/wp\/?page_id=14","title":{"rendered":"Autorin"},"content":{"rendered":"\t\t<div data-elementor-type=\"wp-page\" data-elementor-id=\"14\" class=\"elementor elementor-14\">\n\t\t\t\t\t\t\t\t\t<section class=\"elementor-section elementor-top-section elementor-element elementor-element-5471b389 elementor-section-boxed elementor-section-height-default elementor-section-height-default\" data-id=\"5471b389\" data-element_type=\"section\">\n\t\t\t\t\t\t<div class=\"elementor-container elementor-column-gap-default\">\n\t\t\t\t\t<div class=\"elementor-column elementor-col-100 elementor-top-column elementor-element elementor-element-687a2ec3\" data-id=\"687a2ec3\" data-element_type=\"column\">\n\t\t\t<div class=\"elementor-widget-wrap elementor-element-populated\">\n\t\t\t\t\t\t\t\t<div class=\"elementor-element elementor-element-1ab60706 elementor-widget elementor-widget-text-editor\" data-id=\"1ab60706\" data-element_type=\"widget\" data-widget_type=\"text-editor.default\">\n\t\t\t\t<div class=\"elementor-widget-container\">\n\t\t\t<style>\/*! elementor - v3.9.2 - 21-12-2022 *\/\n.elementor-widget-text-editor.elementor-drop-cap-view-stacked .elementor-drop-cap{background-color:#818a91;color:#fff}.elementor-widget-text-editor.elementor-drop-cap-view-framed .elementor-drop-cap{color:#818a91;border:3px solid;background-color:transparent}.elementor-widget-text-editor:not(.elementor-drop-cap-view-default) .elementor-drop-cap{margin-top:8px}.elementor-widget-text-editor:not(.elementor-drop-cap-view-default) .elementor-drop-cap-letter{width:1em;height:1em}.elementor-widget-text-editor .elementor-drop-cap{float:left;text-align:center;line-height:1;font-size:50px}.elementor-widget-text-editor .elementor-drop-cap-letter{display:inline-block}<\/style>\t\t\t\t<!-- wp:paragraph -->\n<p><strong>&#8222;Auch Umwege sind Wege. Und oft f\u00fchren sie zu spannenden Geschichten.&#8220;<\/strong><\/p>\n<!-- \/wp:paragraph --><!-- wp:paragraph -->\n<p><strong>Maike Stein<\/strong><br \/>Autorin, \u00dcbersetzerin<br \/>Romancoaching, Workshops Kreatives Schreiben<\/p>\n<!-- \/wp:paragraph --><!-- wp:image {\"align\":\"left\",\"id\":1307,\"width\":322,\"height\":215,\"sizeSlug\":\"large\",\"linkDestination\":\"media\"} -->\n<figure class=\"wp-block-image alignleft size-large is-resized\"><a href=\"http:\/\/mkstein.de\/wp\/wp-content\/uploads\/2023\/07\/AEA2EFC3-A389-434F-9834-B41B0889F9C7-331-00000000DACFAF56.jpg\"><img decoding=\"async\" loading=\"lazy\" class=\"wp-image-1307\" src=\"http:\/\/mkstein.de\/wp\/wp-content\/uploads\/2023\/07\/AEA2EFC3-A389-434F-9834-B41B0889F9C7-331-00000000DACFAF56-1024x683.jpg\" alt=\"\" width=\"322\" height=\"215\" srcset=\"http:\/\/mkstein.de\/wp\/wp-content\/uploads\/2023\/07\/AEA2EFC3-A389-434F-9834-B41B0889F9C7-331-00000000DACFAF56-1024x683.jpg 1024w, http:\/\/mkstein.de\/wp\/wp-content\/uploads\/2023\/07\/AEA2EFC3-A389-434F-9834-B41B0889F9C7-331-00000000DACFAF56-300x200.jpg 300w, http:\/\/mkstein.de\/wp\/wp-content\/uploads\/2023\/07\/AEA2EFC3-A389-434F-9834-B41B0889F9C7-331-00000000DACFAF56-768x512.jpg 768w, http:\/\/mkstein.de\/wp\/wp-content\/uploads\/2023\/07\/AEA2EFC3-A389-434F-9834-B41B0889F9C7-331-00000000DACFAF56-1536x1024.jpg 1536w, http:\/\/mkstein.de\/wp\/wp-content\/uploads\/2023\/07\/AEA2EFC3-A389-434F-9834-B41B0889F9C7-331-00000000DACFAF56.jpg 1776w\" sizes=\"(max-width: 322px) 100vw, 322px\" \/><\/a>\n<figcaption class=\"wp-element-caption\">Danke f\u00fcr das Foto ans <a href=\"https:\/\/www.theater-morgenstern.de\/\" target=\"_blank\" rel=\"noreferrer noopener\">Theater Morgenstern<\/a>! <br \/>\u00a9Tina Kovalski<\/figcaption>\n<\/figure>\n<!-- \/wp:image --><!-- wp:paragraph -->\n<p>Aufgewachsen im noch geteilten Berlin, in dem die Mauer quer durch die Stadt ebenso normal wie unver\u00e4nderlich schien \u2013 bis sie dann zu Fall gebracht wurde. Da war bei Maike Stein die Faszination an Geschichten schon lange geweckt, und die Stadt bot reichhaltige Nahrung daf\u00fcr. Der Weg zur ver\u00f6ffentlichten Autorin f\u00fchrte \u00fcber manche Umwege \u2013 unter anderem Ausbildungen als Clown, Betriebswirtin und Fremdsprachenkorrespondentin \u2013, aber die Lust am Geschichtenerfinden und -erz\u00e4hlen war immer dabei.<\/p>\n<!-- \/wp:paragraph --><!-- wp:paragraph -->\n<p>Nach wie vor lebt und arbeitet sie als Autorin und \u00dcbersetzerin (Engl.\/Dt.) in Berlin, findet hier ihr Zuhause und ihre Inspiration.<\/p>\n<!-- \/wp:paragraph --><!-- wp:paragraph -->\n<p>Sie schreibt Jugend- wie Kinderb\u00fccher, phantastisch wie real und gern aus queerer Perspektive. Sie liebt es, Rollenklischees zu durchbrechen \u2013 und ganz besonders liebt sie Drachen.<\/p>\n<!-- \/wp:paragraph --><!-- wp:paragraph -->\n<p><br \/>2021 wurden ihre B\u00fccher zur TV-Serie \u201eDie Erben der Nacht\u201c mit dem Lesekompass ausgezeichnet. Und im selben Jahr gr\u00fcndete sie mit Kolleginnen den Vielfalter-Literaturpreis, der Diversit\u00e4t im Kinder- und Jugendbuch auszeichnet und 2023 zum ersten Mal verliehen wurde: <a href=\"https:\/\/vielfalter-literaturpreis.de\/\">https:\/\/vielfalter-literaturpreis.de\/<\/a>\u00a0<br \/>2025 geht der Vielfalter in die zweite Runde!<br \/><br \/>Neben dem Schreiben und \u00dcbersetzen bietet Maike Stein sowohl Romancoaching an als auch Workshops im Kreativen Schreiben. Bei Interesse gern Kontakt aufnehmen unter: stein@mkstein.de<\/p>\n<!-- \/wp:paragraph --><!-- wp:paragraph --><!-- \/wp:paragraph --><!-- wp:paragraph -->\n<p>Maike Stein wird vertreten von der <a href=\"https:\/\/www.agentur-rumler.de\/\" target=\"_blank\" rel=\"noreferrer noopener\">Autoren- und Projektagentur Gerd F. Rumler<\/a><\/p>\n<!-- \/wp:paragraph --><!-- wp:paragraph -->\n<p>Meine B\u00fccher: <a href=\"http:\/\/mkstein.de\/wp\/?page_id=10\" target=\"_blank\" rel=\"noopener\">B\u00fccher <\/a><\/p>\n<!-- \/wp:paragraph --><!-- wp:paragraph --><!-- \/wp:paragraph --><!-- wp:paragraph -->\n<p>Fediverse: <a href=\"https:\/\/literatur.social\/@steinstory\" target=\"_blank\" rel=\"noopener\">literatur.social\/@steinstory<\/a><\/p>\n<!-- \/wp:paragraph --><!-- wp:paragraph -->\n<p>Mitglied bei <a href=\"https:\/\/wir-erschaffen-welten.net\/\" target=\"_blank\" rel=\"noreferrer noopener\">PAN (Phantastik-Autoren-Netzwerk)<\/a><\/p>\n<!-- \/wp:paragraph --><!-- wp:paragraph -->\n<p>Mitglied bei <a href=\"https:\/\/www.spreeautoren.de\/\" target=\"_blank\" rel=\"noreferrer noopener\">Spreeautoren<\/a><\/p>\n<!-- \/wp:paragraph -->\t\t\t\t\t\t<\/div>\n\t\t\t\t<\/div>\n\t\t\t\t\t<\/div>\n\t\t<\/div>\n\t\t\t\t\t\t\t<\/div>\n\t\t<\/section>\n\t\t\t\t\t\t\t<\/div>\n\t\t","protected":false},"excerpt":{"rendered":"<p>&#8222;Auch Umwege sind Wege. Und oft f\u00fchren sie zu spannenden Geschichten.&#8220; Maike SteinAutorin, \u00dcbersetzerinRomancoaching, Workshops Kreatives Schreiben Aufgewachsen im noch geteilten Berlin, in dem die Mauer quer durch die Stadt ebenso normal wie unver\u00e4nderlich schien \u2013 bis sie dann zu Fall gebracht wurde. Da war bei Maike Stein die Faszination an Geschichten schon lange geweckt, &hellip; <\/p>\n<p class=\"link-more\"><a href=\"http:\/\/mkstein.de\/wp\/?page_id=14\" class=\"more-link\">Mehr <span class=\"screen-reader-text\">\u00fcber &#8222;Autorin&#8220; <\/span>Lesen<\/a><\/p>\n","protected":false},"author":2,"featured_media":1204,"parent":0,"menu_order":2,"comment_status":"open","ping_status":"open","template":"","meta":[],"_links":{"self":[{"href":"http:\/\/mkstein.de\/wp\/index.php?rest_route=\/wp\/v2\/pages\/14"}],"collection":[{"href":"http:\/\/mkstein.de\/wp\/index.php?rest_route=\/wp\/v2\/pages"}],"about":[{"href":"http:\/\/mkstein.de\/wp\/index.php?rest_route=\/wp\/v2\/types\/page"}],"author":[{"embeddable":true,"href":"http:\/\/mkstein.de\/wp\/index.php?rest_route=\/wp\/v2\/users\/2"}],"replies":[{"embeddable":true,"href":"http:\/\/mkstein.de\/wp\/index.php?rest_route=%2Fwp%2Fv2%2Fcomments&post=14"}],"version-history":[{"count":29,"href":"http:\/\/mkstein.de\/wp\/index.php?rest_route=\/wp\/v2\/pages\/14\/revisions"}],"predecessor-version":[{"id":1599,"href":"http:\/\/mkstein.de\/wp\/index.php?rest_route=\/wp\/v2\/pages\/14\/revisions\/1599"}],"wp:featuredmedia":[{"embeddable":true,"href":"http:\/\/mkstein.de\/wp\/index.php?rest_route=\/wp\/v2\/media\/1204"}],"wp:attachment":[{"href":"http:\/\/mkstein.de\/wp\/index.php?rest_route=%2Fwp%2Fv2%2Fmedia&parent=14"}],"curies":[{"name":"wp","href":"https:\/\/api.w.org\/{rel}","templated":true}]}}