{"id":1660,"date":"2026-03-06T13:03:08","date_gmt":"2026-03-06T11:03:08","guid":{"rendered":"https:\/\/mkstein.de\/wp\/?page_id=1660"},"modified":"2026-04-29T17:56:31","modified_gmt":"2026-04-29T15:56:31","slug":"schreiben-mit-kaffee","status":"publish","type":"page","link":"http:\/\/mkstein.de\/wp\/?page_id=1660","title":{"rendered":"Schreiben mit Kaffee"},"content":{"rendered":"\t\t<div data-elementor-type=\"wp-page\" data-elementor-id=\"1660\" class=\"elementor elementor-1660\">\n\t\t\t\t\t\t\t\t\t<section class=\"elementor-section elementor-top-section elementor-element elementor-element-a56350b elementor-section-boxed elementor-section-height-default elementor-section-height-default\" data-id=\"a56350b\" data-element_type=\"section\">\n\t\t\t\t\t\t<div class=\"elementor-container elementor-column-gap-default\">\n\t\t\t\t\t<div class=\"elementor-column elementor-col-100 elementor-top-column elementor-element elementor-element-411975d\" data-id=\"411975d\" data-element_type=\"column\">\n\t\t\t<div class=\"elementor-widget-wrap elementor-element-populated\">\n\t\t\t\t\t\t\t\t<div class=\"elementor-element elementor-element-c2bad0b elementor-widget elementor-widget-text-editor\" data-id=\"c2bad0b\" data-element_type=\"widget\" data-widget_type=\"text-editor.default\">\n\t\t\t\t<div class=\"elementor-widget-container\">\n\t\t\t<style>\/*! elementor - v3.9.2 - 21-12-2022 *\/\n.elementor-widget-text-editor.elementor-drop-cap-view-stacked .elementor-drop-cap{background-color:#818a91;color:#fff}.elementor-widget-text-editor.elementor-drop-cap-view-framed .elementor-drop-cap{color:#818a91;border:3px solid;background-color:transparent}.elementor-widget-text-editor:not(.elementor-drop-cap-view-default) .elementor-drop-cap{margin-top:8px}.elementor-widget-text-editor:not(.elementor-drop-cap-view-default) .elementor-drop-cap-letter{width:1em;height:1em}.elementor-widget-text-editor .elementor-drop-cap{float:left;text-align:center;line-height:1;font-size:50px}.elementor-widget-text-editor .elementor-drop-cap-letter{display:inline-block}<\/style>\t\t\t\t<p><strong>Online Schreibtreffs mit Schreibanregungen, Input zu verschiedenen Themen rund ums Handwerk des Schreibens, Feedback zu Texten und viele M\u00f6glichkeiten zur Entdeckung der eigenen Erz\u00e4hlstimme, eigener Geschichten und Gelegenheit zum Austausch mit anderen Schreibenden. Ob mit oder ohne Vorerfahrung im kreativen Schreiben: Hier sind alle willkommen!<\/strong><\/p>\t\t\t\t\t\t<\/div>\n\t\t\t\t<\/div>\n\t\t\t\t\t<\/div>\n\t\t<\/div>\n\t\t\t\t\t\t\t<\/div>\n\t\t<\/section>\n\t\t\t\t<section class=\"elementor-section elementor-top-section elementor-element elementor-element-6d6e5e9 elementor-section-boxed elementor-section-height-default elementor-section-height-default\" data-id=\"6d6e5e9\" data-element_type=\"section\">\n\t\t\t\t\t\t<div class=\"elementor-container elementor-column-gap-default\">\n\t\t\t\t\t<div class=\"elementor-column elementor-col-66 elementor-top-column elementor-element elementor-element-1f4c9ed\" data-id=\"1f4c9ed\" data-element_type=\"column\">\n\t\t\t<div class=\"elementor-widget-wrap elementor-element-populated\">\n\t\t\t\t\t\t\t\t<div class=\"elementor-element elementor-element-e8ee346 elementor-widget elementor-widget-text-editor\" data-id=\"e8ee346\" data-element_type=\"widget\" data-widget_type=\"text-editor.default\">\n\t\t\t\t<div class=\"elementor-widget-container\">\n\t\t\t\t\t\t\t<p>Kreativer Schreibtreff am fr\u00fchen Abend:<\/p><p><strong>Immer am dritten Dienstag eines Monats von 19 bis 21 Uhr!<\/strong> (Termine siehe rechte Spalte)<\/p><p>Der Schreibtreff geht \u00fcber 2 Stunden und findet zun\u00e4chst 1x im Monat (bei Bedarf gern auch \u00f6fter) ab 4 Teilnehmenden statt.<br \/>Teilnahmebeitrag pro Person und Treffen: 20 Euro<\/p><p>Anmeldungen unter: mkstn@posteo.net<br \/>Betreff: Schreiben mit Kaffee \/ Dienstag<\/p><p>Ich freue mich auf euch!<\/p>\t\t\t\t\t\t<\/div>\n\t\t\t\t<\/div>\n\t\t\t\t\t<\/div>\n\t\t<\/div>\n\t\t\t\t<div class=\"elementor-column elementor-col-33 elementor-top-column elementor-element elementor-element-39ece36\" data-id=\"39ece36\" data-element_type=\"column\">\n\t\t\t<div class=\"elementor-widget-wrap elementor-element-populated\">\n\t\t\t\t\t\t\t\t<div class=\"elementor-element elementor-element-2ea05ec elementor-widget elementor-widget-text-editor\" data-id=\"2ea05ec\" data-element_type=\"widget\" data-widget_type=\"text-editor.default\">\n\t\t\t\t<div class=\"elementor-widget-container\">\n\t\t\t\t\t\t\t<p><strong>Termine f\u00fcr den fr\u00fchen Abend<br \/><\/strong>jeweils von 19 bis 21 Uhr<\/p><p>Dienstag, 17. M\u00e4rz 2026<\/p><p>Dienstag, 21. April 2026<\/p><p>Dienstag, 19. Mai 2026<\/p><p>Dienstag, 16. Juni 2026<\/p>\t\t\t\t\t\t<\/div>\n\t\t\t\t<\/div>\n\t\t\t\t\t<\/div>\n\t\t<\/div>\n\t\t\t\t\t\t\t<\/div>\n\t\t<\/section>\n\t\t\t\t<section class=\"elementor-section elementor-top-section elementor-element elementor-element-e386eb9 elementor-section-boxed elementor-section-height-default elementor-section-height-default\" data-id=\"e386eb9\" data-element_type=\"section\">\n\t\t\t\t\t\t<div class=\"elementor-container elementor-column-gap-default\">\n\t\t\t\t\t<div class=\"elementor-column elementor-col-100 elementor-top-column elementor-element elementor-element-8911b89\" data-id=\"8911b89\" data-element_type=\"column\">\n\t\t\t<div class=\"elementor-widget-wrap\">\n\t\t\t\t\t\t\t\t\t<\/div>\n\t\t<\/div>\n\t\t\t\t\t\t\t<\/div>\n\t\t<\/section>\n\t\t\t\t<section class=\"elementor-section elementor-top-section elementor-element elementor-element-bd2e1b0 elementor-section-boxed elementor-section-height-default elementor-section-height-default\" data-id=\"bd2e1b0\" data-element_type=\"section\">\n\t\t\t\t\t\t<div class=\"elementor-container elementor-column-gap-default\">\n\t\t\t\t\t<div class=\"elementor-column elementor-col-66 elementor-top-column elementor-element elementor-element-ecd11e5\" data-id=\"ecd11e5\" data-element_type=\"column\">\n\t\t\t<div class=\"elementor-widget-wrap elementor-element-populated\">\n\t\t\t\t\t\t\t\t<div class=\"elementor-element elementor-element-99f87cf elementor-widget elementor-widget-text-editor\" data-id=\"99f87cf\" data-element_type=\"widget\" data-widget_type=\"text-editor.default\">\n\t\t\t\t<div class=\"elementor-widget-container\">\n\t\t\t\t\t\t\t<p><strong>Du schreibst gern sp\u00e4ter am Abend oder in der Nacht und suchst nach einem Schreibtreff f\u00fcr Nachteulen?<\/strong> Hier wirst du f\u00fcndig!<\/p><p>Der Schreibtreff geht \u00fcber 2 Stunden und findet zun\u00e4chst 1x im Monat (bei Bedarf gern auch \u00f6fter) ab 4 Teilnehmenden statt.<br \/>Teilnahmebeitrag pro Person und Treffen: 20 Euro<br \/>(Termine siehe rechte Spalte)<\/p><p><strong>Fragen und Anmeldungen unter<\/strong>: mkstn@posteo.net<br \/>Betreff: Schreiben mit Kaffee \/ Nachteulen<\/p><p>Ich freue mich auf euch!<\/p>\t\t\t\t\t\t<\/div>\n\t\t\t\t<\/div>\n\t\t\t\t\t<\/div>\n\t\t<\/div>\n\t\t\t\t<div class=\"elementor-column elementor-col-33 elementor-top-column elementor-element elementor-element-12c6876\" data-id=\"12c6876\" data-element_type=\"column\">\n\t\t\t<div class=\"elementor-widget-wrap elementor-element-populated\">\n\t\t\t\t\t\t\t\t<div class=\"elementor-element elementor-element-9cc6421 elementor-widget elementor-widget-text-editor\" data-id=\"9cc6421\" data-element_type=\"widget\" data-widget_type=\"text-editor.default\">\n\t\t\t\t<div class=\"elementor-widget-container\">\n\t\t\t\t\t\t\t<p><strong>Termine f\u00fcr Nachteulen<\/strong><\/p><p>immer am 3. Dienstags eines Monats<\/p><p>jeweils von 22 bis 24 Uhr<\/p>\t\t\t\t\t\t<\/div>\n\t\t\t\t<\/div>\n\t\t\t\t\t<\/div>\n\t\t<\/div>\n\t\t\t\t\t\t\t<\/div>\n\t\t<\/section>\n\t\t\t\t\t\t\t<\/div>\n\t\t","protected":false},"excerpt":{"rendered":"<p>Online Schreibtreffs mit Schreibanregungen, Input zu verschiedenen Themen rund ums Handwerk des Schreibens, Feedback zu Texten und viele M\u00f6glichkeiten zur Entdeckung der eigenen Erz\u00e4hlstimme, eigener Geschichten und Gelegenheit zum Austausch mit anderen Schreibenden. Ob mit oder ohne Vorerfahrung im kreativen Schreiben: Hier sind alle willkommen! Kreativer Schreibtreff am fr\u00fchen Abend: Immer am dritten Dienstag eines &hellip; <\/p>\n<p class=\"link-more\"><a href=\"http:\/\/mkstein.de\/wp\/?page_id=1660\" class=\"more-link\">Mehr <span class=\"screen-reader-text\">\u00fcber &#8222;Schreiben mit Kaffee&#8220; <\/span>Lesen<\/a><\/p>\n","protected":false},"author":2,"featured_media":1516,"parent":18,"menu_order":0,"comment_status":"closed","ping_status":"closed","template":"","meta":[],"_links":{"self":[{"href":"http:\/\/mkstein.de\/wp\/index.php?rest_route=\/wp\/v2\/pages\/1660"}],"collection":[{"href":"http:\/\/mkstein.de\/wp\/index.php?rest_route=\/wp\/v2\/pages"}],"about":[{"href":"http:\/\/mkstein.de\/wp\/index.php?rest_route=\/wp\/v2\/types\/page"}],"author":[{"embeddable":true,"href":"http:\/\/mkstein.de\/wp\/index.php?rest_route=\/wp\/v2\/users\/2"}],"replies":[{"embeddable":true,"href":"http:\/\/mkstein.de\/wp\/index.php?rest_route=%2Fwp%2Fv2%2Fcomments&post=1660"}],"version-history":[{"count":52,"href":"http:\/\/mkstein.de\/wp\/index.php?rest_route=\/wp\/v2\/pages\/1660\/revisions"}],"predecessor-version":[{"id":1719,"href":"http:\/\/mkstein.de\/wp\/index.php?rest_route=\/wp\/v2\/pages\/1660\/revisions\/1719"}],"up":[{"embeddable":true,"href":"http:\/\/mkstein.de\/wp\/index.php?rest_route=\/wp\/v2\/pages\/18"}],"wp:featuredmedia":[{"embeddable":true,"href":"http:\/\/mkstein.de\/wp\/index.php?rest_route=\/wp\/v2\/media\/1516"}],"wp:attachment":[{"href":"http:\/\/mkstein.de\/wp\/index.php?rest_route=%2Fwp%2Fv2%2Fmedia&parent=1660"}],"curies":[{"name":"wp","href":"https:\/\/api.w.org\/{rel}","templated":true}]}}