{"id":18,"date":"2012-07-29T14:37:57","date_gmt":"2012-07-29T12:37:57","guid":{"rendered":"http:\/\/mkstein.de\/wp\/?page_id=18"},"modified":"2025-06-24T20:23:57","modified_gmt":"2025-06-24T18:23:57","slug":"termine","status":"publish","type":"page","link":"http:\/\/mkstein.de\/wp\/?page_id=18","title":{"rendered":"VERANSTALTUNGEN"},"content":{"rendered":"\t\t<div data-elementor-type=\"wp-page\" data-elementor-id=\"18\" class=\"elementor elementor-18\">\n\t\t\t\t\t\t\t\t\t<section class=\"elementor-section elementor-top-section elementor-element elementor-element-2d91f270 elementor-section-boxed elementor-section-height-default elementor-section-height-default\" data-id=\"2d91f270\" data-element_type=\"section\">\n\t\t\t\t\t\t<div class=\"elementor-container elementor-column-gap-default\">\n\t\t\t\t\t<div class=\"elementor-column elementor-col-100 elementor-top-column elementor-element elementor-element-6fb9b0a7\" data-id=\"6fb9b0a7\" data-element_type=\"column\">\n\t\t\t<div class=\"elementor-widget-wrap elementor-element-populated\">\n\t\t\t\t\t\t\t\t<div class=\"elementor-element elementor-element-5e44447 elementor-widget elementor-widget-text-editor\" data-id=\"5e44447\" data-element_type=\"widget\" data-widget_type=\"text-editor.default\">\n\t\t\t\t<div class=\"elementor-widget-container\">\n\t\t\t<style>\/*! elementor - v3.9.2 - 21-12-2022 *\/\n.elementor-widget-text-editor.elementor-drop-cap-view-stacked .elementor-drop-cap{background-color:#818a91;color:#fff}.elementor-widget-text-editor.elementor-drop-cap-view-framed .elementor-drop-cap{color:#818a91;border:3px solid;background-color:transparent}.elementor-widget-text-editor:not(.elementor-drop-cap-view-default) .elementor-drop-cap{margin-top:8px}.elementor-widget-text-editor:not(.elementor-drop-cap-view-default) .elementor-drop-cap-letter{width:1em;height:1em}.elementor-widget-text-editor .elementor-drop-cap{float:left;text-align:center;line-height:1;font-size:50px}.elementor-widget-text-editor .elementor-drop-cap-letter{display:inline-block}<\/style>\t\t\t\t<!-- wp:paragraph {\"fontSize\":\"small\"} -->\n<p class=\"has-small-font-size\"><img decoding=\"async\" loading=\"lazy\" width=\"1776\" height=\"1184\" class=\"wp-image-1307\" style=\"width: 150px;\" src=\"http:\/\/mkstein.de\/wp\/wp-content\/uploads\/2023\/07\/AEA2EFC3-A389-434F-9834-B41B0889F9C7-331-00000000DACFAF56.jpg\" alt=\"\" srcset=\"http:\/\/mkstein.de\/wp\/wp-content\/uploads\/2023\/07\/AEA2EFC3-A389-434F-9834-B41B0889F9C7-331-00000000DACFAF56.jpg 1776w, http:\/\/mkstein.de\/wp\/wp-content\/uploads\/2023\/07\/AEA2EFC3-A389-434F-9834-B41B0889F9C7-331-00000000DACFAF56-300x200.jpg 300w, http:\/\/mkstein.de\/wp\/wp-content\/uploads\/2023\/07\/AEA2EFC3-A389-434F-9834-B41B0889F9C7-331-00000000DACFAF56-1024x683.jpg 1024w, http:\/\/mkstein.de\/wp\/wp-content\/uploads\/2023\/07\/AEA2EFC3-A389-434F-9834-B41B0889F9C7-331-00000000DACFAF56-768x512.jpg 768w, http:\/\/mkstein.de\/wp\/wp-content\/uploads\/2023\/07\/AEA2EFC3-A389-434F-9834-B41B0889F9C7-331-00000000DACFAF56-1536x1024.jpg 1536w\" sizes=\"(max-width: 1776px) 100vw, 1776px\" \/> <br \/>Foto: \u00a9Tina Kovalski<br \/>Theater Morgenstern<\/p>\n<!-- \/wp:paragraph --><!-- wp:paragraph -->\n<p>Wenn Sie mich f\u00fcr eine Lesung buchen wollen, melden Sie sich gern bei mir unter: stein@mkstein.de<\/p>\n<!-- \/wp:paragraph --><!-- wp:heading {\"level\":1,\"fontSize\":\"large\"} -->\n<h1>2025<\/h1>\n<p><strong>22. August um 20.30 Uhr:<\/strong> &#8222;Queer &amp; Phantastisch&#8220; im <a href=\"https:\/\/prinz-eisenherz.buchkatalog.de\/\">Eisenherz-Buchladen<\/a> in Berlin<\/p>\n<p>Wenn 4 queere Autor:innen und eine SciFi- bzw. Fantasy-begeisterte Buchh\u00e4ndlerin einen Abend zusammen planen, dann habt ihr auch etwas davon! Wir stellen Euch unsere Highlights vor, werden uns &#8211; Nerds, die wir sind &#8211; \u00fcber viel queere Fantasy und Science Fiction unterhalten. Und damit wir nicht bis ins Morgengrauen wie die Vampire, die Blut geleckt haben, mit unserem Buchwissen versuchen neue Nerds zu produzieren, wollen wir jede_r nur 1 Buch vorstellen und einen Tipp abgeben.<br \/>Kommt mit in neue Welten, reist zu utopischen Gemeinschaften und lasst eurer Fantasie Fl\u00fcgel wachsen. Wir geben Euch die Tipps dazu.<\/p>\n<div class=\"moz-cite-prefix\">\n<section class=\"storeEventsCKEditorContent\" aria-label=\"Veranstaltungsbeschreibung\">\n<p>Euch beraten: Kathrin Tordasi, Christian Handel, Maike Stein und E.F. von Hainwald.<br \/>Moderation: Nancy Schmolt<\/p>\n<\/section>\n<\/div>\n<div class=\"moz-cite-prefix\"><img decoding=\"async\" src=\"http:\/\/mkstein.de\/wp\/wp-content\/uploads\/2025\/06\/Queer_Phantastisch_Aug2025.jpg\" \/><\/div>\n<h1>2024<\/h1>\n<p><a href=\"https:\/\/www.theater-morgenstern.de\/programm\/spielplan\/spiel\/festival-der-30-geschichten\">Festival der 30 Geschichten<\/a> Theater Morgenstern<\/p>\n<h1 class=\"has-large-font-size\">2023<\/h1>\n<!-- \/wp:heading --><!-- wp:paragraph -->\n<p><strong>Queerer Weltenbau &#8211; ein<\/strong> <strong>Werkstattgespr\u00e4ch<\/strong><br \/>Am Samstag, 21.10.2023, um 16.30 Uhr, auf dem <a href=\"https:\/\/www.buchmessecon.de\/index.php\" target=\"_blank\" rel=\"noreferrer noopener\">BuCon 2023<\/a><br \/><a href=\"https:\/\/www.buchmessecon.de\/index.php\/programm\/15-programm2023\/453-we-re-here-we-re-queer\" target=\"_blank\" rel=\"noreferrer noopener\">We&#8217;re here, we&#8217;re queer, get used to it<\/a>: Zusammen mit Eleanor Bardilac spreche ich \u00fcber queeren Weltenbau in der Phantastik, wie wir dabei vorgehen, was uns wichtig ist, wie wir das in unseren B\u00fcchern umsetzen.<br \/>Nat\u00fcrlich signiere ich bei der Gelegenheit auch gerne eigene B\u00fccher, z.B. &#8222;Das magische Fundb\u00fcro&#8220;, nur mitbringen m\u00fcsst ihr die selbst. \ud83d\ude09<\/p>\n<!-- \/wp:paragraph --><!-- wp:paragraph -->\n<p>9.\/10. September: <a href=\"https:\/\/vielfalter-literaturpreis.de\/symposium-und-preisverleihung-2023\/\">Vielfalter-Literaturpreis<\/a>: Symposium und Preisverleihung!<\/p>\n<p>Ein Interview mit mir zum <a href=\"https:\/\/vielfalter-literaturpreis.de\/\" target=\"_blank\" rel=\"noreferrer noopener\">Vielfalter-Literaturpreis<\/a> 2023 im Deutschlandfunk &#8211; <a href=\"https:\/\/www.deutschlandfunk.de\/echte-wende-zur-diversitaet-vielfalter-preis-und-symposium-mit-maike-stein-dlf-e59f9d54-100.html\" target=\"_blank\" rel=\"noreferrer noopener\">hier<\/a> zum Nachh\u00f6ren. Mit Dina Netz habe ich dar\u00fcber gesprochen, warum es einen Preis f\u00fcr Diversit\u00e4t im Kinder- und Jugendbuch braucht, was wir beim Vielfalter unter Diversit\u00e4t verstehen und \u00fcber einiges mehr. Kommt zum <a href=\"https:\/\/vielfalter-literaturpreis.de\/symposium-und-preisverleihung-2023\/\" target=\"_blank\" rel=\"noreferrer noopener\">Symposium und zur Preisverleihung<\/a> am 10.09.2023 in <a href=\"https:\/\/www.literaturhaus-nordhessen.de\/der-vielfalter\/\" target=\"_blank\" rel=\"noreferrer noopener\">Kassel<\/a>!<\/p>\n<!-- \/wp:paragraph --><!-- wp:heading {\"fontSize\":\"medium\"} -->\n<h2 class=\"has-medium-font-size\">\u00a0Dragons, Magic &amp; Truth &#8211; Telling Queer Stories<br \/>A Lecture at <a href=\"https:\/\/smabusfestival.se\/en\/home.html\" target=\"_blank\" rel=\"noreferrer noopener\">Sm\u00e5BUS 2023 International Children&#8217;s Book Conference<\/a><\/h2>\n<!-- \/wp:heading --><!-- wp:image {\"id\":1311,\"sizeSlug\":\"large\",\"linkDestination\":\"media\"} -->\n<figure class=\"wp-block-image size-large\"><a href=\"http:\/\/mkstein.de\/wp\/wp-content\/uploads\/2023\/07\/smabus-all.jpeg.png\"><img decoding=\"async\" loading=\"lazy\" width=\"1024\" height=\"290\" class=\"wp-image-1311\" src=\"http:\/\/mkstein.de\/wp\/wp-content\/uploads\/2023\/07\/smabus-all.jpeg-1024x290.png\" alt=\"\" srcset=\"http:\/\/mkstein.de\/wp\/wp-content\/uploads\/2023\/07\/smabus-all.jpeg-1024x290.png 1024w, http:\/\/mkstein.de\/wp\/wp-content\/uploads\/2023\/07\/smabus-all.jpeg-300x85.png 300w, http:\/\/mkstein.de\/wp\/wp-content\/uploads\/2023\/07\/smabus-all.jpeg-768x217.png 768w, http:\/\/mkstein.de\/wp\/wp-content\/uploads\/2023\/07\/smabus-all.jpeg.png 1293w\" sizes=\"(max-width: 1024px) 100vw, 1024px\" \/><\/a><\/figure>\n<!-- \/wp:image --><!-- wp:paragraph -->\n<p>\u00a0<\/p>\n<!-- \/wp:paragraph --><!-- wp:image {\"align\":\"left\",\"id\":1280,\"linkDestination\":\"custom\"} -->\n<figure class=\"wp-block-image alignleft\"><a href=\"http:\/\/mkstein.de\/wp\/wp-content\/uploads\/2023\/05\/losgelesen-banner.png\"><img decoding=\"async\" loading=\"lazy\" width=\"993\" height=\"183\" class=\"wp-image-1280\" src=\"http:\/\/mkstein.de\/wp\/wp-content\/uploads\/2023\/05\/losgelesen-banner.png\" alt=\"\" srcset=\"http:\/\/mkstein.de\/wp\/wp-content\/uploads\/2023\/05\/losgelesen-banner.png 993w, http:\/\/mkstein.de\/wp\/wp-content\/uploads\/2023\/05\/losgelesen-banner-300x55.png 300w, http:\/\/mkstein.de\/wp\/wp-content\/uploads\/2023\/05\/losgelesen-banner-768x142.png 768w\" sizes=\"(max-width: 993px) 100vw, 993px\" \/><\/a><\/figure>\n<!-- \/wp:image --><!-- wp:paragraph -->\n<p><strong>Samstag, 24. Juni 2023<\/strong><br \/>um 18 Uhr Lesung aus: Ein halber Sommer (mehr dazu unter <a href=\"http:\/\/mkstein.de\/wp\/?page_id=10\" target=\"_blank\" rel=\"noopener\">B\u00fccher<\/a>)<br \/>19.30 bis 21.00 Uhr: Workshop kreatives Schreiben mit der Autorin: Queere Geschichten erz\u00e4hlen, den Weg zu eigenen Texten und Worten finden.<\/p>\n<!-- \/wp:paragraph --><!-- wp:image {\"align\":\"left\",\"id\":1281,\"linkDestination\":\"custom\"} -->\n<figure class=\"wp-block-image alignleft\"><a href=\"http:\/\/mkstein.de\/wp\/wp-content\/uploads\/2023\/05\/Samstag24-Juni.png\"><img decoding=\"async\" loading=\"lazy\" width=\"341\" height=\"239\" class=\"wp-image-1281\" src=\"http:\/\/mkstein.de\/wp\/wp-content\/uploads\/2023\/05\/Samstag24-Juni.png\" alt=\"\" srcset=\"http:\/\/mkstein.de\/wp\/wp-content\/uploads\/2023\/05\/Samstag24-Juni.png 341w, http:\/\/mkstein.de\/wp\/wp-content\/uploads\/2023\/05\/Samstag24-Juni-300x210.png 300w\" sizes=\"(max-width: 341px) 100vw, 341px\" \/><\/a><\/figure>\n<!-- \/wp:image --><!-- wp:image {\"align\":\"left\",\"id\":1282,\"linkDestination\":\"custom\"} -->\n<figure class=\"wp-block-image alignleft\"><a href=\"http:\/\/mkstein.de\/wp\/wp-content\/uploads\/2023\/05\/losgelesen-ein-halber-sommer.png\"><img decoding=\"async\" loading=\"lazy\" width=\"330\" height=\"181\" class=\"wp-image-1282\" src=\"http:\/\/mkstein.de\/wp\/wp-content\/uploads\/2023\/05\/losgelesen-ein-halber-sommer.png\" alt=\"\" srcset=\"http:\/\/mkstein.de\/wp\/wp-content\/uploads\/2023\/05\/losgelesen-ein-halber-sommer.png 330w, http:\/\/mkstein.de\/wp\/wp-content\/uploads\/2023\/05\/losgelesen-ein-halber-sommer-300x165.png 300w\" sizes=\"(max-width: 330px) 100vw, 330px\" \/><\/a><\/figure>\n<!-- \/wp:image --><!-- wp:paragraph -->\n<p>Ort: Theater Morgenstern (im Rathaus Friedenau), Rheinstr. 1, 12159 Berlin<\/p>\n<!-- \/wp:paragraph --><!-- wp:heading {\"level\":3} -->\n<h3>\u00a0<\/h3>\n<!-- \/wp:heading --><!-- wp:paragraph -->\n<p><strong>Lesung auf der\u00a0Leipziger Buchmesse!<\/strong><\/p>\n<!-- \/wp:paragraph --><!-- wp:paragraph -->\n<p>Sonntag, 30.04., um 16 Uhr<\/p>\n<!-- \/wp:paragraph --><!-- wp:paragraph -->\n<p>Phantastische Lese-Insel 1, Halle 3, Stand C506 <a href=\"https:\/\/www.leipziger-buchmesse.de\/pco\/de\/buchmesse\/64255a4dc90287263c1f8c94\" target=\"_blank\" rel=\"noopener\">hier<\/a><\/p>\n<!-- \/wp:paragraph --><!-- wp:paragraph -->\n<p>Danke ans <a href=\"https:\/\/wir-erschaffen-welten.net\/\" target=\"_blank\" rel=\"noopener\">Phantastische-Autoren-Netzwerk<\/a>, das die Lesung m\u00f6glich macht!!!<\/p>\n<!-- \/wp:paragraph --><!-- wp:image {\"align\":\"left\",\"id\":1246,\"linkDestination\":\"custom\"} -->\n<figure class=\"wp-block-image alignleft\"><a href=\"http:\/\/mkstein.de\/wp\/wp-content\/uploads\/2023\/04\/lbm-lesung.png\"><img decoding=\"async\" loading=\"lazy\" width=\"1412\" height=\"594\" class=\"wp-image-1246\" src=\"http:\/\/mkstein.de\/wp\/wp-content\/uploads\/2023\/04\/lbm-lesung.png\" alt=\"\" srcset=\"http:\/\/mkstein.de\/wp\/wp-content\/uploads\/2023\/04\/lbm-lesung.png 1412w, http:\/\/mkstein.de\/wp\/wp-content\/uploads\/2023\/04\/lbm-lesung-300x126.png 300w, http:\/\/mkstein.de\/wp\/wp-content\/uploads\/2023\/04\/lbm-lesung-1024x431.png 1024w, http:\/\/mkstein.de\/wp\/wp-content\/uploads\/2023\/04\/lbm-lesung-768x323.png 768w\" sizes=\"(max-width: 1412px) 100vw, 1412px\" \/><\/a><\/figure>\n<!-- \/wp:image --><!-- wp:heading {\"level\":1} -->\n<h1>2022<\/h1>\n<!-- \/wp:heading --><!-- wp:paragraph -->\n<p><strong>26. November 2022<\/strong><br \/><strong>Lesung aus: Das magische Fundb\u00fcro<\/strong><br \/><strong>beim <a href=\"https:\/\/www.literaturinitiative.de\/literaturfest-1\" target=\"_blank\" rel=\"noopener\">Literaturfest der Literaturinitiative LIN Berlin<\/a><\/strong><br \/><strong>Los geht es um 17 Uhr<\/strong><br \/><strong>in der Schwartzschen Villa (Grunewaldstr. 55, 12165 Berlin)<\/strong><\/p>\n<!-- \/wp:paragraph --><!-- wp:paragraph -->\n<p><strong>22. September 2022<\/strong><br \/><strong>Lesung aus:<\/strong> <strong>Das magische Fundb\u00fcro<\/strong><br \/><strong>Ort:<\/strong> <a href=\"https:\/\/www.theater-morgenstern.de\/\" target=\"_blank\" rel=\"noopener\">Theater Morgenstern<\/a>, Rheinstr. 1, 12159 Berlin<br \/><strong>Zeit:<\/strong> 11 Uhr<br \/>Hier geht&#8217;s zu noch mehr <a href=\"https:\/\/www.theater-morgenstern.de\/programm\/spielplan\/spiel\/das-magische-fundbuero\" target=\"_blank\" rel=\"noopener\">Infos zur Veranstaltung samt Leseprobe<\/a><\/p>\n<!-- \/wp:paragraph --><!-- wp:heading -->\n<h2>\u00a0<\/h2>\n<!-- \/wp:heading --><!-- wp:heading {\"level\":1} -->\n<h1><strong>2021 <\/strong><\/h1>\n<!-- \/wp:heading --><!-- wp:heading {\"level\":1} -->\n<h1>\u00a0<\/h1>\n<!-- \/wp:heading --><!-- wp:paragraph -->\n<p><strong>05. Oktober 2021<\/strong><br \/>um 10 Uhr<br \/>im <a href=\"https:\/\/www.theater-morgenstern.de\/\" target=\"_blank\" rel=\"noopener\">Theater Morgenstern<\/a><br \/>Lesung aus: <strong>Ein halber Sommer<\/strong> (f\u00fcr 7. &#8211; 10. Klassen)<\/p>\n<!-- \/wp:paragraph --><!-- wp:paragraph -->\n<p>Theater Morgenstern<br \/>Rheinstr. 1<br \/>12159 Berlin<br \/>Tel: 030 &#8211; 93 35 59 50<\/p>\n<!-- \/wp:paragraph --><!-- wp:paragraph -->\n<p>Die Lesung findet im Rahmen der Reihe <a href=\"https:\/\/www.theater-morgenstern.de\/programm\/spielplan\/spiel\/versteckte-welt-gleich-nebenan\" target=\"_blank\" rel=\"noopener\">Versteckte Welt gleich nebenan<\/a> statt.<\/p>\n<!-- \/wp:paragraph --><!-- wp:heading {\"level\":1} -->\n<h1>\u00a0<\/h1>\n<!-- \/wp:heading --><!-- wp:paragraph -->\n<p><strong>20.06.2021 um 18.25 Uhr<\/strong><br \/><strong>Lesemarathon &#8222;Versteckte Welt gleich nebenan&#8220;<\/strong><br \/><a href=\"https:\/\/www.theater-morgenstern.de\/programm\/spielplan\/spiel\/versteckte-welt-gleich-nebenan\" target=\"_blank\" rel=\"noopener\">Theater Morgenstern<\/a> (auf dem Hof der ehemaligen Post am Ren\u00e9e-Sintenis-Platz, Berlin-Friedenau)<br \/>Ich lese aus meinem Jugendroman &#8222;Ein halber Sommer&#8220; (und freue mich sehr \u00fcber meine erste Veranstaltung vor Ort des Jahres!!!)<\/p>\n<!-- \/wp:paragraph --><!-- wp:heading {\"level\":1} -->\n<h1><strong>2020<\/strong><\/h1>\n<!-- \/wp:heading --><!-- wp:paragraph -->\n<p><strong>K\u00e4pt&#8217;n Book Lesefest<\/strong><\/p>\n<!-- \/wp:paragraph --><!-- wp:paragraph -->\n<p>Ich bin f\u00fcr mehrere Lesungen auf dem <a href=\"https:\/\/www.kaeptnbook-lesefest.de\/\" target=\"_blank\" rel=\"noopener\">K\u00e4pt&#8217;n Book Lesefest<\/a> gebucht! Vom 05.-07.10. lese ich auf verschiedenen Veranstaltungen aus meinem Roman &#8222;Ein halber Sommer&#8220;.<\/p>\n<!-- \/wp:paragraph --><!-- wp:paragraph -->\n<p>Leipziger Buchmesse <span style=\"color: #ff0000;\">F\u00e4llt aus! Die Messe wurde wegen COVID-19 abgesagt.<\/span><\/p>\n<!-- \/wp:paragraph --><!-- wp:paragraph -->\n<p>Fr, 13.03.2020<br \/>15 Uhr<br \/>Theaterbus (Theater der Jungen Welt)<br \/>Halle 2, A400<\/p>\n<!-- \/wp:paragraph --><!-- wp:heading {\"level\":1} -->\n<h1>2019<\/h1>\n<!-- \/wp:heading --><!-- wp:paragraph -->\n<p>Literaturfest Steglitz (Literaturinitiative <a href=\"http:\/\/www.literaturinitiative.de\/bli\/konzept.html\" target=\"_blank\" rel=\"noopener\">LIN<\/a>):<\/p>\n<!-- \/wp:paragraph --><!-- wp:paragraph -->\n<p>09. November 2019<br \/>17 Uhr<br \/><a href=\"https:\/\/kultur-steglitz-zehlendorf.de\/\" target=\"_blank\" rel=\"noopener\">Schwartzsche Villa Berlin<br \/><\/a>Lesung aus &#8222;Ein halber Sommer&#8220;<\/p>\n<!-- \/wp:paragraph --><!-- wp:paragraph -->\n<p>Ich lese auf der <a href=\"https:\/\/buch-berlin-kids.de\/\" target=\"_blank\" rel=\"noopener\">Buch Berlin Kids<\/a>:<br \/>aus \u201eEin halber Sommer\u201c (die inoffizielle Premiere, Lesung aus den Fahnen, da der Roman erst am 22.07.2019 erscheint)<br \/><strong>am 15.06.2019<br \/><\/strong>um 12 Uhr<br \/>auf der Wasserb\u00fchne des FEZ<\/p>\n<!-- \/wp:paragraph --><!-- wp:heading {\"level\":1} -->\n<h1>\u00a0* * *<\/h1>\n<!-- \/wp:heading --><!-- wp:paragraph -->\n<p>Ich lese bei <a href=\"https:\/\/prinz-eisenherz.buchkatalog.de\/\" target=\"_blank\" rel=\"noopener\">Prinz Eisenherz<\/a>:<\/p>\n<!-- \/wp:paragraph --><!-- wp:paragraph -->\n<p>aus &#8222;Ein halber Sommer&#8220; (die offizielle Premiere, mit Buch!)<\/p>\n<!-- \/wp:paragraph --><!-- wp:paragraph -->\n<p><strong>am 25.07.2019<br \/><\/strong>um 20.30 Uhr<br \/>Motzstr. 23, 10777 Berlin<\/p>\n<!-- \/wp:paragraph --><!-- wp:heading {\"level\":1} -->\n<h1>\u00a0* * *<\/h1>\n<!-- \/wp:heading --><!-- wp:heading {\"level\":1} -->\n<h1>2017 und davor<\/h1>\n<!-- \/wp:heading --><!-- wp:paragraph -->\n<p>Am Sonntag, 07. Mai 2017 findet eine Lesung mit Cellobegleitung im <a href=\"http:\/\/meerbaumhaus.de\/\">Meerbaum-Haus<\/a> statt. Um 15 Uhr geht es los! \ud83d\ude42<\/p>\n<!-- \/wp:paragraph --><!-- wp:paragraph -->\n<p>***<\/p>\n<!-- \/wp:paragraph --><!-- wp:paragraph -->\n<p>Am Sonntag, 22. Januar 2017, gibt es zwei Lesungen mit &#8222;Drei Haseln\u00fcsse f\u00fcr Aschenbr\u00f6del&#8220; auf <a href=\"http:\/\/www.schloss-moritzburg.de\/de\/veranstaltungen-ausstellungen\/detailseite\/event\/buchlesung-fuer-familien-drei-haselnuesse-fuer-aschenbroedel-maike-stein-liest-aus-ihrem-roman-zu\/5195\/\" target=\"_blank\" rel=\"noopener\">Schloss Moritzburg<\/a>.<\/p>\n<!-- \/wp:paragraph --><!-- wp:image {\"align\":\"left\",\"id\":332,\"linkDestination\":\"custom\"} -->\n<figure class=\"wp-block-image alignleft\"><a href=\"http:\/\/mkstein.de\/wp\/wp-content\/uploads\/2016\/01\/Moritzburg03.jpg\"><img decoding=\"async\" loading=\"lazy\" width=\"1124\" height=\"395\" class=\"wp-image-332\" src=\"http:\/\/mkstein.de\/wp\/wp-content\/uploads\/2016\/01\/Moritzburg03.jpg\" alt=\"Moritzburg03\" srcset=\"http:\/\/mkstein.de\/wp\/wp-content\/uploads\/2016\/01\/Moritzburg03.jpg 1124w, http:\/\/mkstein.de\/wp\/wp-content\/uploads\/2016\/01\/Moritzburg03-300x105.jpg 300w, http:\/\/mkstein.de\/wp\/wp-content\/uploads\/2016\/01\/Moritzburg03-1024x359.jpg 1024w, http:\/\/mkstein.de\/wp\/wp-content\/uploads\/2016\/01\/Moritzburg03-500x175.jpg 500w\" sizes=\"(max-width: 1124px) 100vw, 1124px\" \/><\/a><\/figure>\n<!-- \/wp:image --><!-- wp:paragraph -->\n<p>Die erste Lesung beginnt um 11 Uhr, die zweite um 15 Uhr. Und mit ein bisschen Gl\u00fcck sieht es auch wieder so sch\u00f6n verschneit aus. \ud83d\ude09<\/p>\n<!-- \/wp:paragraph --><!-- wp:paragraph -->\n<p><strong>Freitag, 13. Mai 2016, um 18.30 Uhr, Wien<\/strong><\/p>\n<!-- \/wp:paragraph --><!-- wp:paragraph -->\n<p>Lesung aus &#8222;Wir sind unsichtbar&#8220; in der <a href=\"http:\/\/dievilla.at\/\" target=\"_blank\" rel=\"noopener\">Villa <\/a><\/p>\n<!-- \/wp:paragraph --><!-- wp:paragraph -->\n<p>Rosa Lila Villa, Linke Wienzeile 102, 1060 Wien<\/p>\n<!-- \/wp:paragraph --><!-- wp:paragraph -->\n<p><strong>Donnerstag, 17. M\u00e4rz 2016, um 15.30 Uhr, Leipzig (anl\u00e4sslich der Buchmesse):<br \/><\/strong>Lesung aus &#8222;Wir sind unsichtbar&#8220;: <a href=\"http:\/\/www.frauenkultur-leipzig.de\/\" target=\"_blank\" rel=\"noopener\">Soziokulturelles Zentrum Frauenkultur<\/a>, Windscheidstr. 51, 04277 Leipzig<\/p>\n<!-- \/wp:paragraph --><!-- wp:paragraph -->\n<p>***<\/p>\n<!-- \/wp:paragraph --><!-- wp:paragraph -->\n<p><strong>Samstag, 20. Februar, 17 Uhr, Klangbaum-B\u00fchne, Berlin:<\/strong><\/p>\n<!-- \/wp:paragraph --><!-- wp:paragraph -->\n<p>Lesung aus &#8222;Wir sind unsichtbar&#8220; mit Cello-Begleitung (Sylvia Eulitz) in der <a href=\"https:\/\/www.facebook.com\/Klangbaum-Musikschule-Lichtenberg-1521496498164692\/?fref=photo\" target=\"_blank\" rel=\"noopener\">Klangbaum Musikschule Lichtenberg<\/a><\/p>\n<!-- \/wp:paragraph --><!-- wp:paragraph -->\n<p>M\u00f6llendorffstr. 27, 10367 Berlin<\/p>\n<!-- \/wp:paragraph --><!-- wp:paragraph -->\n<p>***<\/p>\n<!-- \/wp:paragraph --><!-- wp:paragraph -->\n<p><strong>Samstag, 23. Januar 2016, um 15 Uhr, Schloss Moritzburg:<\/strong><\/p>\n<!-- \/wp:paragraph --><!-- wp:paragraph -->\n<p>Lesung aus dem M\u00e4rchenroman zum Film &#8222;Drei Haseln\u00fcsse f\u00fcr Aschenbr\u00f6del&#8220; (Ravensburger, 2012) auf <a href=\"http:\/\/www.schloss-moritzburg.de\/de\/veranstaltungen\/veranstaltungskalender\/detailseite\/veranstaltung_anzeigen\/buchlesung_fuer_familien_drei_haselnuesse_fuer_aschenbroedel_maike_stein_liest_aus_ihrem_roman_zu\/\" target=\"_blank\" rel=\"noopener\">Schloss Moritzburg<\/a>, dem Drehort des Films!<\/p>\n<!-- \/wp:paragraph --><!-- wp:paragraph -->\n<p>***<\/p>\n<!-- \/wp:paragraph --><!-- wp:paragraph -->\n<p><strong>Freitag, 15. Januar 2016, um 20.30 Uhr, Berlin:<\/strong><\/p>\n<!-- \/wp:paragraph --><!-- wp:paragraph -->\n<p><a href=\"http:\/\/www.prinz-eisenherz.com\/Veranstaltungen\/954866180\/Maike-Stein-Wir-sind-unsichtbar\" target=\"_blank\" rel=\"noopener\">Premieren-Lesung aus &#8222;Wir sind unsichtbar&#8220;<\/a> (Oetinger, Dez. 2015) im:<\/p>\n<!-- \/wp:paragraph --><!-- wp:paragraph -->\n<p>Prinz Eisenherz Buchladen, Motzstr. 23, 10777 Berlin<\/p>\n<!-- \/wp:paragraph --><!-- wp:paragraph -->\n<p><strong>Samstag, 11. Oktober 2014<\/strong> auf der <a href=\"http:\/\/www.buchmesse.de\/de\/\" target=\"_blank\" rel=\"noopener\">Frankfurter Buchmesse<\/a><\/p>\n<!-- \/wp:paragraph --><!-- wp:paragraph -->\n<p>von 13.00 Uhr bis 13.30 Uhr, Halle 3.0, H 117<\/p>\n<!-- \/wp:paragraph --><!-- wp:paragraph -->\n<p>Lesung aus: &#8222;Du oder sie oder beide&#8220; (Mysterythriller), Magellanverlag, September 2014<\/p>\n<!-- \/wp:paragraph --><!-- wp:paragraph -->\n<p><strong>13. November 2013: in Berlin \/ Drei Haseln\u00fcsse f\u00fcr Aschenbr\u00f6del<\/strong><\/p>\n<!-- \/wp:paragraph --><!-- wp:paragraph -->\n<p>17.00 Uhr im <a href=\"http:\/\/www.coffee-break-berlin.de\/\" target=\"_blank\" rel=\"noopener\">Coffee Break<\/a>, Jagowstr. 23, 10555 Berlin<\/p>\n<!-- \/wp:paragraph --><!-- wp:paragraph -->\n<p><strong>01. Dezember 2013: in Kamenz \/ Drei Haseln\u00fcsse f\u00fcr Aschenbr\u00f6del<\/strong><\/p>\n<!-- \/wp:paragraph --><!-- wp:paragraph -->\n<p>10.30 Uhr in der Stadtbibliothk im Lessinghaus, Lessingplatz 3, 01917 Kamenz<\/p>\n<!-- \/wp:paragraph --><!-- wp:paragraph -->\n<p><strong>01. Dezember 2013: in Pulsnitz \/ Drei Haseln\u00fcsse f\u00fcr Aschenbr\u00f6del<\/strong><\/p>\n<!-- \/wp:paragraph --><!-- wp:paragraph -->\n<p>14.00 Uhr Gesellschaftsraum im Haus des Gastes, Am Markt 3, 01896 Pulsnitz<\/p>\n<!-- \/wp:paragraph --><!-- wp:paragraph -->\n<p><strong>13. Dezember 2013: in Pinneberg \/ Drei Haseln\u00fcsse f\u00fcr Aschenbr\u00f6del<\/strong><\/p>\n<!-- \/wp:paragraph --><!-- wp:paragraph -->\n<p>17.00 Uhr bei: <a href=\"http:\/\/www.koerner-erleben.de\/erleben\/veranstaltungskalender\/\" target=\"_blank\" rel=\"noopener\">K\u00f6rner &#8211; Lesen und Spielen als Erlebnis<\/a>, Damm 1, 25421 Pinneberg<\/p>\n<!-- \/wp:paragraph --><!-- wp:paragraph -->\n<p><strong>Freitag, 16.11.2012 um 16 Uhr in Berlin<br \/><\/strong><\/p>\n<!-- \/wp:paragraph --><!-- wp:paragraph -->\n<p>Mit dem Aschenbr\u00f6del bin ich auch bei der <a href=\"http:\/\/lange-nacht-des-buches.de\/moabit\/\" target=\"_blank\" rel=\"noopener\">5. Langen Nacht des Buches<\/a> dabei: Lesung um 16 Uhr, im Naturkostladen &#8222;natur &amp; more&#8220;, in der Oldenburger Str. 16 (Berlin-Moabit)<\/p>\n<!-- \/wp:paragraph --><!-- wp:paragraph -->\n<p><strong>Donnerstag, 06.12.2012 um 19 Uhr in Hameln<\/strong><\/p>\n<!-- \/wp:paragraph --><!-- wp:paragraph -->\n<p>&#8222;Drei Haseln\u00fcsse f\u00fcr Aschenbr\u00f6del&#8220;. Lesung in der <a href=\"http:\/\/www.bookies.de\/index.php?site=buchhandlung\" target=\"_blank\" rel=\"noopener\">Buchhandlung Matthias<\/a>: B\u00e4ckerstr. 56, 31785 Hameln<\/p>\n<!-- \/wp:paragraph --><!-- wp:paragraph -->\n<p><strong>Freitag, 07.12.2012 um 19.30 Uhr in Berlin<\/strong><\/p>\n<!-- \/wp:paragraph --><!-- wp:paragraph -->\n<p>Geschichten am Kamin &#8211; Lesung mit &#8222;Drei Haseln\u00fcsse f\u00fcr Aschenbr\u00f6del&#8220; im <a href=\"http:\/\/www.meerbaum-haus.de\/\" target=\"_blank\" rel=\"noopener\">Meerbaum-Haus<\/a>: Siegmunds Hof 20, 10555 Berlin<\/p>\n<!-- \/wp:paragraph --><!-- wp:paragraph -->\n<p><strong>20.10.2012 um 16 Uhr<\/strong><\/p>\n<!-- \/wp:paragraph --><!-- wp:paragraph -->\n<p>&#8222;Drei Haseln\u00fcsse f\u00fcr Aschenbr\u00f6del&#8220;: Lesung in der <a href=\"http:\/\/www.hollmann-berlin.de\/buchhandlung.htm\" target=\"_blank\" rel=\"noopener\">Buchhandlung am Sch\u00e4fersee<\/a>: Markstr. 6, 13409 Berlin<\/p>\n<!-- \/wp:paragraph -->\t\t\t\t\t\t<\/div>\n\t\t\t\t<\/div>\n\t\t\t\t\t<\/div>\n\t\t<\/div>\n\t\t\t\t\t\t\t<\/div>\n\t\t<\/section>\n\t\t\t\t\t\t\t<\/div>\n\t\t","protected":false},"excerpt":{"rendered":"<p>Foto: \u00a9Tina KovalskiTheater Morgenstern Wenn Sie mich f\u00fcr eine Lesung buchen wollen, melden Sie sich gern bei mir unter: stein@mkstein.de 2025 22. August um 20.30 Uhr: &#8222;Queer &amp; Phantastisch&#8220; im Eisenherz-Buchladen in Berlin Wenn 4 queere Autor:innen und eine SciFi- bzw. Fantasy-begeisterte Buchh\u00e4ndlerin einen Abend zusammen planen, dann habt ihr auch etwas davon! Wir stellen &hellip; <\/p>\n<p class=\"link-more\"><a href=\"http:\/\/mkstein.de\/wp\/?page_id=18\" class=\"more-link\">Mehr <span class=\"screen-reader-text\">\u00fcber &#8222;VERANSTALTUNGEN&#8220; <\/span>Lesen<\/a><\/p>\n","protected":false},"author":2,"featured_media":1175,"parent":0,"menu_order":3,"comment_status":"open","ping_status":"open","template":"","meta":[],"_links":{"self":[{"href":"http:\/\/mkstein.de\/wp\/index.php?rest_route=\/wp\/v2\/pages\/18"}],"collection":[{"href":"http:\/\/mkstein.de\/wp\/index.php?rest_route=\/wp\/v2\/pages"}],"about":[{"href":"http:\/\/mkstein.de\/wp\/index.php?rest_route=\/wp\/v2\/types\/page"}],"author":[{"embeddable":true,"href":"http:\/\/mkstein.de\/wp\/index.php?rest_route=\/wp\/v2\/users\/2"}],"replies":[{"embeddable":true,"href":"http:\/\/mkstein.de\/wp\/index.php?rest_route=%2Fwp%2Fv2%2Fcomments&post=18"}],"version-history":[{"count":93,"href":"http:\/\/mkstein.de\/wp\/index.php?rest_route=\/wp\/v2\/pages\/18\/revisions"}],"predecessor-version":[{"id":1560,"href":"http:\/\/mkstein.de\/wp\/index.php?rest_route=\/wp\/v2\/pages\/18\/revisions\/1560"}],"wp:featuredmedia":[{"embeddable":true,"href":"http:\/\/mkstein.de\/wp\/index.php?rest_route=\/wp\/v2\/media\/1175"}],"wp:attachment":[{"href":"http:\/\/mkstein.de\/wp\/index.php?rest_route=%2Fwp%2Fv2%2Fmedia&parent=18"}],"curies":[{"name":"wp","href":"https:\/\/api.w.org\/{rel}","templated":true}]}}