{"id":621,"date":"2018-05-17T15:12:57","date_gmt":"2018-05-17T13:12:57","guid":{"rendered":"http:\/\/mkstein.de\/wp\/?page_id=621"},"modified":"2018-05-17T15:12:57","modified_gmt":"2018-05-17T13:12:57","slug":"datenschutzerklaerung","status":"publish","type":"page","link":"http:\/\/mkstein.de\/wp\/?page_id=621","title":{"rendered":"Datenschutzerkl\u00e4rung"},"content":{"rendered":"<p>Die Nutzung dieses Blogs ist ohne Angabe von personenbezogenen Daten m\u00f6glich. F\u00fcr die Nutzung einiger Funktionen ergeben sich abweichende Regelungen, die nachstehend gesondert erl\u00e4utert werden. Ihre personenbezogenen Daten (z.B. Name, Anschrift, E-Mail, Telefonnummer, u.\u00e4.) werden von mir nur gem\u00e4\u00df den Bestimmungen des deutschen Datenschutzrechts verarbeitet. Daten sind dann personenbezogen, wenn sie eindeutig einer bestimmten nat\u00fcrlichen Person zugeordnet werden k\u00f6nnen. Die rechtlichen Grundlagen des Datenschutzes finden Sie im Bundesdatenschutzgesetz (BDSG) und dem Telemediengesetz (TMG). Nachstehende Regelungen informieren Sie \u00fcber die Art, den Umfang und Zweck der Erhebung, die Nutzung und die Verarbeitung von personenbezogenen Daten durch den Anbieter<\/p>\n<p>Maike Stein, Emdener Str. 37, 10551 Berlin, Deutschland<\/p>\n<p>stein@mkstein.de<\/p>\n<p>Bitte beachten Sie, dass die Daten\u00fcbertragung via Internet immer Sicherheitsl\u00fccken aufweist, ein v\u00f6lliger Schutz vor Zugriffen durch Dritte somit unm\u00f6glich ist.<\/p>\n<p><strong>Serverdaten<\/strong><\/p>\n<p>Aus technischen Gr\u00fcnden werden u.a. folgende Daten erfasst, die Ihr Internet-Browser an meinen Webspace-Provider \u00fcbermittelt (sogenannte Serverlogfiles):<\/p>\n<ul>\n<li>Browsertyp und -version<\/li>\n<li>verwendetes Betriebssystem<\/li>\n<li>Webseite, von der aus Sie uns besuchen (Referrer URL)<\/li>\n<li>Webseite, die Sie besuchen<\/li>\n<li>Datum und Uhrzeit Ihres Zugriffs<\/li>\n<li>Ihre Internet Protokoll (IP)-Adresse<\/li>\n<\/ul>\n<p>Diese anonymen Daten werden getrennt von Ihren eventuell angegebenen personenbezogenen Daten gespeichert und lassen so keine R\u00fcckschl\u00fcsse auf eine bestimmte Person zu. Sie werden zu statistischen Zwecken ausgewertet, damit ich einen Eindruck von der Sichtbarkeit meines Blogs gewinne.<\/p>\n<p><strong>Kommentarm\u00f6glichkeit<\/strong><\/p>\n<p>Sie haben die M\u00f6glichkeit, im Blog Kommentare zu den einzelnen Beitr\u00e4gen zu hinterlassen. Die IP- Adresse des Verfassers\/Anschlussinhabers wird dabei nicht gespeichert. Auch die Angabe Ihres Namens oder Ihrer Mail-Adresse ist derzeit nicht notwendig. Kommentare werden von mir gesichtet und freigeschaltet. Sollte sich dieses Verfahren \u00e4ndern, z. B. weil zu viele Spam-Kommentare anfallen, werde ich das hier bekanntgeben. Falls Sie in Ihrem Kommentar freiwillig personenbezogene Daten wie Ihren Namen oder Ihre Mail- oder Webadresse hinterlassen, werden diese nicht an Dritte weitergegeben und auch nicht mit anderen Daten abgeglichen, die m\u00f6glicherweise durch andere Komponenten des Blogs erhoben werden. Die Kommentare sind allerdings f\u00fcr jeden Internetnutzer einsehbar.<\/p>\n<p><strong>Auskunft\/Widerruf\/L\u00f6schung<\/strong><\/p>\n<p>Sie k\u00f6nnen sich aufgrund des Bundesdatenschutzgesetzes bei Fragen zur Erhebung, Verarbeitung oder Nutzung Ihrer personenbezogenen Daten und deren Berichtigung, Sperrung, L\u00f6schung oder einem Widerruf einer erteilten Einwilligung unentgeltlich an mich wenden. Ich weise darauf hin, dass Ihnen ein Recht auf Berichtigung falscher Daten oder L\u00f6schung personenbezogener Daten zusteht, sollte diesem Anspruch keine gesetzliche Aufbewahrungspflicht entgegenstehen.<\/p>\n","protected":false},"excerpt":{"rendered":"<p>Die Nutzung dieses Blogs ist ohne Angabe von personenbezogenen Daten m\u00f6glich. F\u00fcr die Nutzung einiger Funktionen ergeben sich abweichende Regelungen, die nachstehend gesondert erl\u00e4utert werden. Ihre personenbezogenen Daten (z.B. Name, Anschrift, E-Mail, Telefonnummer, u.\u00e4.) werden von mir nur gem\u00e4\u00df den Bestimmungen des deutschen Datenschutzrechts verarbeitet. Daten sind dann personenbezogen, wenn sie eindeutig einer bestimmten nat\u00fcrlichen &hellip; <\/p>\n<p class=\"link-more\"><a href=\"http:\/\/mkstein.de\/wp\/?page_id=621\" class=\"more-link\">Mehr <span class=\"screen-reader-text\">\u00fcber &#8222;Datenschutzerkl\u00e4rung&#8220; <\/span>Lesen<\/a><\/p>\n","protected":false},"author":2,"featured_media":0,"parent":0,"menu_order":8,"comment_status":"closed","ping_status":"closed","template":"","meta":[],"_links":{"self":[{"href":"http:\/\/mkstein.de\/wp\/index.php?rest_route=\/wp\/v2\/pages\/621"}],"collection":[{"href":"http:\/\/mkstein.de\/wp\/index.php?rest_route=\/wp\/v2\/pages"}],"about":[{"href":"http:\/\/mkstein.de\/wp\/index.php?rest_route=\/wp\/v2\/types\/page"}],"author":[{"embeddable":true,"href":"http:\/\/mkstein.de\/wp\/index.php?rest_route=\/wp\/v2\/users\/2"}],"replies":[{"embeddable":true,"href":"http:\/\/mkstein.de\/wp\/index.php?rest_route=%2Fwp%2Fv2%2Fcomments&post=621"}],"version-history":[{"count":1,"href":"http:\/\/mkstein.de\/wp\/index.php?rest_route=\/wp\/v2\/pages\/621\/revisions"}],"predecessor-version":[{"id":622,"href":"http:\/\/mkstein.de\/wp\/index.php?rest_route=\/wp\/v2\/pages\/621\/revisions\/622"}],"wp:attachment":[{"href":"http:\/\/mkstein.de\/wp\/index.php?rest_route=%2Fwp%2Fv2%2Fmedia&parent=621"}],"curies":[{"name":"wp","href":"https:\/\/api.w.org\/{rel}","templated":true}]}}