{"id":853,"date":"2021-03-18T18:50:15","date_gmt":"2021-03-18T16:50:15","guid":{"rendered":"http:\/\/mkstein.de\/wp\/?page_id=853"},"modified":"2024-10-22T15:11:01","modified_gmt":"2024-10-22T13:11:01","slug":"phantastischer-montag","status":"publish","type":"page","link":"http:\/\/mkstein.de\/wp\/?page_id=853","title":{"rendered":"Phantastischer Montag"},"content":{"rendered":"\t\t<div data-elementor-type=\"wp-page\" data-elementor-id=\"853\" class=\"elementor elementor-853\">\n\t\t\t\t\t\t\t\t\t<section class=\"elementor-section elementor-top-section elementor-element elementor-element-3b91c9d0 elementor-section-boxed elementor-section-height-default elementor-section-height-default\" data-id=\"3b91c9d0\" data-element_type=\"section\">\n\t\t\t\t\t\t<div class=\"elementor-container elementor-column-gap-default\">\n\t\t\t\t\t<div class=\"elementor-column elementor-col-100 elementor-top-column elementor-element elementor-element-7ed01647\" data-id=\"7ed01647\" data-element_type=\"column\">\n\t\t\t<div class=\"elementor-widget-wrap elementor-element-populated\">\n\t\t\t\t\t\t\t\t<div class=\"elementor-element elementor-element-47a5236d elementor-widget elementor-widget-text-editor\" data-id=\"47a5236d\" data-element_type=\"widget\" data-widget_type=\"text-editor.default\">\n\t\t\t\t<div class=\"elementor-widget-container\">\n\t\t\t<style>\/*! elementor - v3.9.2 - 21-12-2022 *\/\n.elementor-widget-text-editor.elementor-drop-cap-view-stacked .elementor-drop-cap{background-color:#818a91;color:#fff}.elementor-widget-text-editor.elementor-drop-cap-view-framed .elementor-drop-cap{color:#818a91;border:3px solid;background-color:transparent}.elementor-widget-text-editor:not(.elementor-drop-cap-view-default) .elementor-drop-cap{margin-top:8px}.elementor-widget-text-editor:not(.elementor-drop-cap-view-default) .elementor-drop-cap-letter{width:1em;height:1em}.elementor-widget-text-editor .elementor-drop-cap{float:left;text-align:center;line-height:1;font-size:50px}.elementor-widget-text-editor .elementor-drop-cap-letter{display:inline-block}<\/style>\t\t\t\t<p><a href=\"http:\/\/mkstein.de\/wp\/wp-content\/uploads\/2020\/01\/pm-banner.jpg\"><img decoding=\"async\" loading=\"lazy\" class=\"alignleft size-full wp-image-678\" src=\"http:\/\/mkstein.de\/wp\/wp-content\/uploads\/2020\/01\/pm-banner.jpg\" alt=\"\" width=\"1204\" height=\"342\" srcset=\"http:\/\/mkstein.de\/wp\/wp-content\/uploads\/2020\/01\/pm-banner.jpg 1204w, http:\/\/mkstein.de\/wp\/wp-content\/uploads\/2020\/01\/pm-banner-300x85.jpg 300w, http:\/\/mkstein.de\/wp\/wp-content\/uploads\/2020\/01\/pm-banner-768x218.jpg 768w, http:\/\/mkstein.de\/wp\/wp-content\/uploads\/2020\/01\/pm-banner-1024x291.jpg 1024w, http:\/\/mkstein.de\/wp\/wp-content\/uploads\/2020\/01\/pm-banner-500x142.jpg 500w\" sizes=\"(max-width: 1204px) 100vw, 1204px\" \/><\/a><\/p><p><em>Der Montag wird phantastisch! Das Prinzip: jeden Montag ver\u00f6ffentlicht ein:e Autor:in eine phantastische Kurzgeschichte zum Thema des Monats. Die Story soll ca. 1000 W\u00f6rter umfassen (wir sind da gro\u00dfz\u00fcgig) und aus einem Genre der Phantastik sein.<\/em><\/p><p>So hie\u00df es von 2020 bis 2023, vier Jahre voller phantastischer Geschichten, hier gibt es alle von mir zum Nachlesen (sowie Links zu den Geschichten der Kolleg*innen). Die Geschichten von 2020 haben es auch in ein Buch &amp; H\u00f6rbuch geschafft <a href=\"https:\/\/www.genialokal.de\/Suche\/?q=phantastischer+montag\" target=\"_blank\" rel=\"noopener\">Phantastischer Montag &#8211; Kuriose Kalendertage<\/a>, die anderen werden in Buchform folgen, wenn wir die Zeit daf\u00fcr finden.<\/p><p>Hier findet ihr meine Stories von 2023 (da haben wir uns den verschiedensten Genres innerhalb der Phantastik gewidmet).<\/p><p>Viel Spa\u00df beim St\u00f6bern und Lesen!<br \/>P.S.: noch mehr zum St\u00f6bern <a href=\"http:\/\/mkstein.de\/wp\/?page_id=963\" target=\"_blank\" rel=\"noopener\">Geschichten 2020<\/a> und <a href=\"http:\/\/mkstein.de\/wp\/?page_id=956\" target=\"_blank\" rel=\"noopener\">Geschichten 2021<\/a> und <a href=\"http:\/\/mkstein.de\/wp\/?page_id=1212\" target=\"_blank\" rel=\"noopener\">Geschichten 2022<\/a><\/p><h2>Geschichten 2023<\/h2><p>Dezember (High Fantasy): <a href=\"http:\/\/mkstein.de\/wp\/?p=1367\">Winterw\u00e4rme<\/a><\/p><p>November (Steampunk): <a href=\"http:\/\/mkstein.de\/wp\/?p=1362\">Das Versprechen<\/a><\/p><p>Oktober (Grusel- und Horrorgeschichten): <a href=\"http:\/\/mkstein.de\/wp\/?p=1357\">F\u00fcrchte dich nicht (oder vielleicht doch)<\/a><\/p><p>September (Funtasy): <a href=\"http:\/\/mkstein.de\/wp\/?p=1350\">Ganz sicher nicht! <\/a><\/p><p>August (Romantasy): <a href=\"http:\/\/mkstein.de\/wp\/?p=1340\">Die verzwickte Sache mit Sehnsucht und Vertrauen<\/a><\/p><p>Juli (Das magische Klassenzimmer): <a href=\"http:\/\/mkstein.de\/wp\/?p=1326\">Die Magie von Portalen <\/a><\/p><p>Juli (Dark Academia): <a href=\"http:\/\/mkstein.de\/wp\/?p=1316\">Schw\u00fcre und Wagnisse <\/a><\/p><p>Juni (Portal Fantasy): <a href=\"http:\/\/mkstein.de\/wp\/?p=1296\">Die Portalh\u00fcterin<\/a><\/p><p>Juni: Gedanken zum Genre des Monats: <a href=\"http:\/\/mkstein.de\/wp\/?p=1288\">Portal Fantasy<\/a><\/p><p>Mai (Urban Fantasy): <a href=\"http:\/\/mkstein.de\/wp\/?p=1274\">Fundst\u00fcck <\/a><\/p><p>Mai: Gedanken zum Genre des Monats: <a href=\"http:\/\/mkstein.de\/wp\/?p=1262\" target=\"_blank\" rel=\"noopener\">Urban Fantasy<\/a><\/p><p>April (Paranormal Cosy Crime): <a href=\"http:\/\/mkstein.de\/wp\/?p=1256\">Das R\u00e4tsel um die verschwundenen Knochen <\/a><\/p><p>April: Gedanken zum Genre des Monats <a href=\"http:\/\/mkstein.de\/wp\/?p=1237\">Paranormal Cosy Crime<\/a><\/p><p>M\u00e4rz (Dystopie): <a href=\"http:\/\/mkstein.de\/wp\/?p=1232\" target=\"_blank\" rel=\"noopener\">Eine Bitte<\/a><\/p><p>M\u00e4rz: Gedanken zum Thema des Genre <a href=\"http:\/\/mkstein.de\/wp\/?p=1221\">Dystopie<\/a><\/p><p>Februar (Space Opera): <a href=\"http:\/\/mkstein.de\/wp\/?p=1206\" target=\"_blank\" rel=\"noopener\">Aufkl\u00e4rungsflug Nummer 9<\/a><\/p><p>Februar: zum Thema des Genre <a href=\"http:\/\/mkstein.de\/wp\/?p=1192\">Space Opera<\/a><\/p><p>Januar (M\u00e4rchenwald): <a href=\"http:\/\/mkstein.de\/wp\/?p=1181\" target=\"_blank\" rel=\"noopener\">Trolle tanzen Tango<\/a><\/p><p>Januar (M\u00e4rchen): <a href=\"http:\/\/mkstein.de\/wp\/?p=1174\" target=\"_blank\" rel=\"noopener\">Das Geschenk<\/a><\/p><p>Januar: Gedanken zum Genre des Monats <a href=\"http:\/\/mkstein.de\/wp\/?p=1168\">M\u00e4rchen<\/a><\/p><p>An dem Projekt schrieben drei weitere phantastische Kolleg*innen von mir mit:<br \/><a href=\"https:\/\/carolawolff.de\/category\/phantastischer-montag\/\" target=\"_blank\" rel=\"noopener\">Carola Wolff<\/a> \u271d (schrieb immer den ersten phantastischen Beitrag des Monats)<br \/><a href=\"https:\/\/www.c-a-raaven.de\/phantastischermontag\" target=\"_blank\" rel=\"noopener\">C. A. Raaven<\/a> (schrieb immer den zweiten phantastischen Beitrag des Monats)<br \/><a href=\"http:\/\/alexapukall.com\/phantastischer-montag\/\" target=\"_blank\" rel=\"noopener\">Alexa Pukall<\/a> (schrieb immer den vierten phantastischen Beitrag des Monats, von 2020 bis 2021)<\/p><p>Und wenn ein Monat gar f\u00fcnf Montage hatte, gab es am f\u00fcnten Montag ein ganz besonderes \u00dcberraschungspaket: gleich mehrere Geschichten, jeweils inspiriert von einem fantastischen\/magischen\/mystischen Wesen.<\/p><p>Wir sind auf Instagram: <a href=\"https:\/\/www.instagram.com\/phantastischermontag\/\" target=\"_blank\" rel=\"noopener\">@phantastischermontag<\/a><br \/>(Der Account existiert noch, neue Beitr\u00e4ge finden sich seit dem Ende des Projekts 2024 nur mehr selten.)<\/p><p><strong>2020<\/strong><br \/>haben wir uns von mehr oder weniger kuriosen Feiertagen inspirieren lassen.<br \/><strong>2021<\/strong><br \/>diente uns jeden Monat ein anderer Song als Inspirationsquelle f\u00fcr unsere Stories.<br \/><strong>2022<\/strong><br \/>verabschiedete sich eine Kollegin aus dem Team, Alexa Pukall h\u00f6rte leider auf (private Ver\u00e4nderungen). Wir machten also als Dreier-Team weiter (Carola Wolff, C.A. Raaven, und ich).<br \/>Inspirationsquelle f\u00fcr 2022 sind Zitate aus Romanen der Phantastik. Und f\u00fcr f\u00fcnfte Montage fantastische Wesen.<br \/><strong>2023<\/strong><br \/>widmeten wir uns verschiedensten phantastischten Genres. Und leider musste Carola Wolff aufgrund ihrer Krebserkrankung aufh\u00f6ren mit dem phantastischen Montag.<\/p><p>2024 verstarb unsere Kollegin Carola Wolff. <a href=\"http:\/\/mkstein.de\/wp\/?p=1405\">Sie fehlt<\/a>.<\/p>\t\t\t\t\t\t<\/div>\n\t\t\t\t<\/div>\n\t\t\t\t\t<\/div>\n\t\t<\/div>\n\t\t\t\t\t\t\t<\/div>\n\t\t<\/section>\n\t\t\t\t\t\t\t<\/div>\n\t\t","protected":false},"excerpt":{"rendered":"<p>Der Montag wird phantastisch! Das Prinzip: jeden Montag ver\u00f6ffentlicht ein:e Autor:in eine phantastische Kurzgeschichte zum Thema des Monats. Die Story soll ca. 1000 W\u00f6rter umfassen (wir sind da gro\u00dfz\u00fcgig) und aus einem Genre der Phantastik sein. So hie\u00df es von 2020 bis 2023, vier Jahre voller phantastischer Geschichten, hier gibt es alle von mir zum &hellip; <\/p>\n<p class=\"link-more\"><a href=\"http:\/\/mkstein.de\/wp\/?page_id=853\" class=\"more-link\">Mehr <span class=\"screen-reader-text\">\u00fcber &#8222;Phantastischer Montag&#8220; <\/span>Lesen<\/a><\/p>\n","protected":false},"author":2,"featured_media":1323,"parent":0,"menu_order":4,"comment_status":"closed","ping_status":"closed","template":"","meta":[],"_links":{"self":[{"href":"http:\/\/mkstein.de\/wp\/index.php?rest_route=\/wp\/v2\/pages\/853"}],"collection":[{"href":"http:\/\/mkstein.de\/wp\/index.php?rest_route=\/wp\/v2\/pages"}],"about":[{"href":"http:\/\/mkstein.de\/wp\/index.php?rest_route=\/wp\/v2\/types\/page"}],"author":[{"embeddable":true,"href":"http:\/\/mkstein.de\/wp\/index.php?rest_route=\/wp\/v2\/users\/2"}],"replies":[{"embeddable":true,"href":"http:\/\/mkstein.de\/wp\/index.php?rest_route=%2Fwp%2Fv2%2Fcomments&post=853"}],"version-history":[{"count":122,"href":"http:\/\/mkstein.de\/wp\/index.php?rest_route=\/wp\/v2\/pages\/853\/revisions"}],"predecessor-version":[{"id":1450,"href":"http:\/\/mkstein.de\/wp\/index.php?rest_route=\/wp\/v2\/pages\/853\/revisions\/1450"}],"wp:featuredmedia":[{"embeddable":true,"href":"http:\/\/mkstein.de\/wp\/index.php?rest_route=\/wp\/v2\/media\/1323"}],"wp:attachment":[{"href":"http:\/\/mkstein.de\/wp\/index.php?rest_route=%2Fwp%2Fv2%2Fmedia&parent=853"}],"curies":[{"name":"wp","href":"https:\/\/api.w.org\/{rel}","templated":true}]}}